{"id":710,"date":"2022-01-28T13:02:53","date_gmt":"2022-01-28T13:02:53","guid":{"rendered":"http:\/\/skmponz-grudziadz.pl\/?page_id=710"},"modified":"2024-05-15T19:12:25","modified_gmt":"2024-05-15T19:12:25","slug":"medal-za-zaslugi-dla-stowarzyszenia","status":"publish","type":"page","link":"https:\/\/skmponz-grudziadz.pl\/?page_id=710","title":{"rendered":"Medal za Zas\u0142ugi dla Stowarzyszenia"},"content":{"rendered":"<p style=\"text-align: center;\"><strong><span style=\"font-size: 24pt; font-family: verdana, geneva, sans-serif;\">Regulamin<\/span><\/strong><\/p>\n<p style=\"text-align: center;\"><span style=\"font-size: 18pt;\"><strong><span style=\"font-family: verdana, geneva, sans-serif;\"> przyznawania Medalu za Zas\u0142ugi <\/span><\/strong><\/span><\/p>\n<p style=\"text-align: center;\"><span style=\"font-size: 18pt;\"><strong><span style=\"font-family: verdana, geneva, sans-serif;\">dla Stowarzyszenia Kombatant\u00f3w Misji Pokojowych ONZ.<\/span><\/strong><\/span><\/p>\n<p><span style=\"font-family: verdana, geneva, sans-serif; font-size: 14pt;\">1. Na podstawie \u00a7 21 Statutu Stowarzyszenia oraz Zarz\u0105dzenia Prezesa Zarz\u0105du G\u0142\u00f3wnego Stowarzyszenia Nr\u2026\u2026\/2018\/Org. ka\u017cdy cz\u0142onek Stowarzyszenia za zas\u0142ugi poniesione w realizacji cel\u00f3w Stowarzyszenia mo\u017ce zosta\u0107 wyr\u00f3\u017cniony Medalem Za Zas\u0142ugi dla Stowarzyszenia Kombatant\u00f3w Misji Pokojowych ONZ.<\/span><\/p>\n<p><span style=\"font-family: verdana, geneva, sans-serif; font-size: 14pt;\">2. Medalem mo\u017cna r\u00f3wnie\u017c wyr\u00f3\u017cni\u0107 osob\u0119 spoza Stowarzyszenia, kt\u00f3ra swoj\u0105 postaw\u0105 i dzia\u0142alno\u015bci\u0105 wspiera i podnosi presti\u017c Stowarzyszenia.<\/span><\/p>\n<p><span style=\"font-family: verdana, geneva, sans-serif; font-size: 14pt;\">3. Medal dzieli si\u0119 na trzy kategorie:<\/span><\/p>\n<p><span style=\"font-family: verdana, geneva, sans-serif; font-size: 14pt;\">&nbsp; &nbsp;\u2022 Br\u0105zowy<\/span><\/p>\n<p><span style=\"font-family: verdana, geneva, sans-serif; font-size: 14pt;\">&nbsp; &nbsp;\u2022 Srebrny<\/span><\/p>\n<p><span style=\"font-family: verdana, geneva, sans-serif; font-size: 14pt;\">&nbsp; &nbsp;\u2022 Z\u0142oty<\/span><\/p>\n<p><span style=\"font-family: verdana, geneva, sans-serif; font-size: 14pt;\">4. Nadanie medalu odbywa si\u0119 w kolejno\u015bci od br\u0105zowego do z\u0142otego. Przy nadawaniu obowi\u0105zuj\u0105 nast\u0119puj\u0105ce przedzia\u0142y czasowe:<\/span><\/p>\n<p><span style=\"font-family: verdana, geneva, sans-serif; font-size: 14pt;\">&nbsp; &nbsp;\u2022 Br\u0105zowy&nbsp; \u2013 min. po 2 latach od wst\u0105pienia do Stowarzyszenia;<\/span><\/p>\n<p><span style=\"font-family: verdana, geneva, sans-serif; font-size: 14pt;\">&nbsp; &nbsp;\u2022 Srebrny&nbsp; &nbsp;\u2013 min. po 2 latach od nadania medalu br\u0105zowego;<\/span><\/p>\n<p><span style=\"font-family: verdana, geneva, sans-serif; font-size: 14pt;\">&nbsp; &nbsp;\u2022 Z\u0142oty&nbsp; &nbsp; &nbsp; &nbsp;\u2013 min. po 3 latach od nadania medalu srebrnego.<\/span><\/p>\n<p><span style=\"font-family: verdana, geneva, sans-serif; font-size: 14pt;\">5. Medal Stowarzyszenia danej klasy nadaje si\u0119 tylko raz.<\/span><\/p>\n<p><span style=\"font-family: verdana, geneva, sans-serif; font-size: 14pt;\">6. Cz\u0142onkowie Stowarzyszenia, kt\u00f3rzy uko\u0144czyli 85 lat mog\u0105 otrzyma\u0107 Z\u0142oty Medal bez spe\u0142nienia warunk\u00f3w po\u015brednich.<\/span><\/p>\n<p><span style=\"font-family: verdana, geneva, sans-serif; font-size: 14pt;\">7. Koszty wykonania Medalu oraz wydatki zwi\u0105zane z jego dystrybucj\u0105 pokrywane s\u0105 przez:<\/span><\/p>\n<p><span style=\"font-family: verdana, geneva, sans-serif; font-size: 14pt;\">&nbsp; &nbsp;\u2022 Ko\u0142a (cz\u0142onk\u00f3w) za odznaczenia nadawane na wniosek zarz\u0105d\u00f3w k\u00f3\u0142,<\/span><\/p>\n<p><span style=\"font-family: verdana, geneva, sans-serif;\"><span style=\"font-size: 14pt;\">&nbsp; &nbsp; <span style=\"font-family: verdana, geneva, sans-serif; font-size: 14pt;\">\u2022 <\/span>Zarz\u0105d G\u0142\u00f3wny za medale nadawane na jego wniosek.<\/span>&nbsp;<\/span><\/p>\n<p>&nbsp;<\/p>\n","protected":false},"excerpt":{"rendered":"<p>Regulamin przyznawania Medalu za Zas\u0142ugi dla Stowarzyszenia Kombatant\u00f3w Misji Pokojowych ONZ. 1. Na podstawie \u00a7 21 Statutu Stowarzyszenia oraz Zarz\u0105dzenia Prezesa Zarz\u0105du G\u0142\u00f3wnego Stowarzyszenia Nr\u2026\u2026\/2018\/Org. ka\u017cdy cz\u0142onek Stowarzyszenia za zas\u0142ugi poniesione w realizacji cel\u00f3w Stowarzyszenia mo\u017ce zosta\u0107 wyr\u00f3\u017cniony Medalem Za Zas\u0142ugi dla Stowarzyszenia Kombatant\u00f3w Misji Pokojowych ONZ. 2. Medalem mo\u017cna r\u00f3wnie\u017c wyr\u00f3\u017cni\u0107 osob\u0119 spoza Stowarzyszenia, [&hellip;]<\/p>\n","protected":false},"author":1,"featured_media":0,"parent":0,"menu_order":9,"comment_status":"closed","ping_status":"closed","template":"","meta":{"_acf_changed":false,"om_disable_all_campaigns":false,"_monsterinsights_skip_tracking":false,"_monsterinsights_sitenote_active":false,"_monsterinsights_sitenote_note":"","_monsterinsights_sitenote_category":0,"ngg_post_thumbnail":0,"footnotes":""},"class_list":["post-710","page","type-page","status-publish","hentry"],"acf":[],"aioseo_notices":[],"_links":{"self":[{"href":"https:\/\/skmponz-grudziadz.pl\/index.php?rest_route=\/wp\/v2\/pages\/710","targetHints":{"allow":["GET"]}}],"collection":[{"href":"https:\/\/skmponz-grudziadz.pl\/index.php?rest_route=\/wp\/v2\/pages"}],"about":[{"href":"https:\/\/skmponz-grudziadz.pl\/index.php?rest_route=\/wp\/v2\/types\/page"}],"author":[{"embeddable":true,"href":"https:\/\/skmponz-grudziadz.pl\/index.php?rest_route=\/wp\/v2\/users\/1"}],"replies":[{"embeddable":true,"href":"https:\/\/skmponz-grudziadz.pl\/index.php?rest_route=%2Fwp%2Fv2%2Fcomments&post=710"}],"version-history":[{"count":14,"href":"https:\/\/skmponz-grudziadz.pl\/index.php?rest_route=\/wp\/v2\/pages\/710\/revisions"}],"predecessor-version":[{"id":1596,"href":"https:\/\/skmponz-grudziadz.pl\/index.php?rest_route=\/wp\/v2\/pages\/710\/revisions\/1596"}],"wp:attachment":[{"href":"https:\/\/skmponz-grudziadz.pl\/index.php?rest_route=%2Fwp%2Fv2%2Fmedia&parent=710"}],"curies":[{"name":"wp","href":"https:\/\/api.w.org\/{rel}","templated":true}]}}